{"id":100017,"date":"2025-12-11T17:30:17","date_gmt":"2025-12-11T16:30:17","guid":{"rendered":"https:\/\/www.natyva.it\/web\/?page_id=100017"},"modified":"2026-01-27T08:39:26","modified_gmt":"2026-01-27T07:39:26","slug":"metodo","status":"publish","type":"page","link":"https:\/\/www.natyva.it\/web\/metodo\/","title":{"rendered":"Metodo"},"content":{"rendered":"<p>[et_pb_section fb_built=&#8221;1&#8243; _builder_version=&#8221;4.27.5&#8243; _module_preset=&#8221;default&#8221; background_color=&#8221;#000000&#8243; background_image=&#8221;https:\/\/www.natyva.it\/web\/wp-content\/uploads\/2026\/01\/Metodo-di-lavoro-1.jpg&#8221; background_blend=&#8221;luminosity&#8221; top_divider_color=&#8221;#FFFFFF&#8221; top_divider_height=&#8221;50px&#8221; box_shadow_style=&#8221;preset6&#8243; box_shadow_blur=&#8221;25px&#8221; box_shadow_color=&#8221;rgba(0,0,0,0.2)&#8221; global_colors_info=&#8221;{}&#8221;][et_pb_row _builder_version=&#8221;4.16&#8243; _module_preset=&#8221;default&#8221; global_colors_info=&#8221;{}&#8221;][et_pb_column type=&#8221;4_4&#8243; _builder_version=&#8221;4.16&#8243; _module_preset=&#8221;default&#8221; global_colors_info=&#8221;{}&#8221;][et_pb_text _builder_version=&#8221;4.27.5&#8243; _module_preset=&#8221;default&#8221; text_font=&#8221;|800||on|||||&#8221; text_text_color=&#8221;rgba(255,255,255,0.66)&#8221; text_font_size=&#8221;16px&#8221; text_orientation=&#8221;center&#8221; custom_margin=&#8221;||-4px||false|false&#8221; global_colors_info=&#8221;{}&#8221;]<\/p>\n<p>COME LAVORIAMO<\/p>\n<p>[\/et_pb_text][et_pb_text _builder_version=&#8221;4.16&#8243; _module_preset=&#8221;default&#8221; header_text_align=&#8221;center&#8221; header_text_color=&#8221;#FFFFFF&#8221; header_font_size=&#8221;62px&#8221; header_2_text_align=&#8221;center&#8221; header_2_text_color=&#8221;#FFFFFF&#8221; header_2_font_size=&#8221;40px&#8221; global_colors_info=&#8221;{}&#8221;]<\/p>\n<h1>Metodo<\/h1>\n<p>[\/et_pb_text][\/et_pb_column][\/et_pb_row][\/et_pb_section][et_pb_section fb_built=&#8221;1&#8243; _builder_version=&#8221;4.16&#8243; _module_preset=&#8221;default&#8221; custom_padding=&#8221;5px||6px||false|false&#8221; global_colors_info=&#8221;{}&#8221;][et_pb_row column_structure=&#8221;1_2,1_2&#8243; _builder_version=&#8221;4.27.5&#8243; _module_preset=&#8221;default&#8221; custom_margin=&#8221;-3px||||false|false&#8221; custom_padding=&#8221;16px||0px||false|false&#8221; global_colors_info=&#8221;{}&#8221;][et_pb_column type=&#8221;1_2&#8243; _builder_version=&#8221;4.16&#8243; _module_preset=&#8221;default&#8221; custom_padding=&#8221;70px||||false|false&#8221; custom_padding_tablet=&#8221;0px||||false|false&#8221; custom_padding_phone=&#8221;0px||||false|false&#8221; custom_padding_last_edited=&#8221;on|tablet&#8221; global_colors_info=&#8221;{}&#8221;][et_pb_text _builder_version=&#8221;4.16&#8243; _module_preset=&#8221;default&#8221; text_font_size=&#8221;16px&#8221; custom_margin=&#8221;-20px|||||&#8221; custom_padding=&#8221;7px|||||&#8221; global_colors_info=&#8221;{}&#8221;]<\/p>\n<h2 data-path-to-node=\"21\">Il Valore Aggiunto: Trasparenza Totale<\/h2>\n<p data-path-to-node=\"22\"><span style=\"color: #c40000;\"><strong>Il Briefing come punto di partenza<\/strong><\/span><\/p>\n<p data-path-to-node=\"4\">Ascoltare bene per progettare meglio.<\/p>\n<blockquote data-path-to-node=\"5\">\n<p data-path-to-node=\"5,0\">Nessun progetto di successo nasce dal caso. Ogni nostra collaborazione inizia con un briefing approfondito, un momento di confronto diretto dove analizziamo le tue necessit\u00e0, i tuoi obiettivi e le tue sfide quotidiane. Questo scambio \u00e8 fondamentale perch\u00e8 ci permette di raccogliere le informazioni necessarie per costruire un piano di lavoro accurato, evitando malintesi e garantendo che ogni risorsa sia investita nella giusta direzione.<\/p>\n<\/blockquote>\n<p data-path-to-node=\"22\">\n<p>[\/et_pb_text][\/et_pb_column][et_pb_column type=&#8221;1_2&#8243; _builder_version=&#8221;4.16&#8243; _module_preset=&#8221;default&#8221; background_enable_color=&#8221;off&#8221; border_radii=&#8221;on|12px|12px|12px|12px&#8221; global_colors_info=&#8221;{}&#8221;][et_pb_image src=&#8221;https:\/\/www.natyva.it\/web\/wp-content\/uploads\/2026\/01\/Metodo-di-lavoro.png&#8221; alt=&#8221;Come lavoriamo&#8221; title_text=&#8221;Metodo di lavoro&#8221; align=&#8221;center&#8221; _builder_version=&#8221;4.27.5&#8243; _module_preset=&#8221;default&#8221; custom_padding=&#8221;21px|25px|21px|25px|true|true&#8221; animation_style=&#8221;slide&#8221; animation_direction=&#8221;right&#8221; animation_duration=&#8221;750ms&#8221; animation_starting_opacity=&#8221;50%&#8221; border_radii=&#8221;on|20px|20px|20px|20px&#8221; global_colors_info=&#8221;{}&#8221;][\/et_pb_image][\/et_pb_column][\/et_pb_row][et_pb_row _builder_version=&#8221;4.27.5&#8243; _module_preset=&#8221;default&#8221; custom_padding=&#8221;5px|||||&#8221; global_colors_info=&#8221;{}&#8221;][et_pb_column type=&#8221;4_4&#8243; _builder_version=&#8221;4.27.5&#8243; _module_preset=&#8221;default&#8221; global_colors_info=&#8221;{}&#8221;][et_pb_text _builder_version=&#8221;4.27.5&#8243; _module_preset=&#8221;default&#8221; global_colors_info=&#8221;{}&#8221;]<\/p>\n<p>Una volta definito il piano d&#8217;azione, seguiamo un iter metodologico rigoroso che non lascia spazio all&#8217;approssimazione. Ogni fase del progetto \u00e8 legata alla precedente da una logica consequenziale, assicurando che la qualit\u00e0 rimanga costante dall&#8217;inizio alla fine. Questo approccio ci permette di rispettare gli standard elevati che ci imponiamo e di consegnare soluzioni che rispondono esattamente a quanto pianificato durante la fase strategica.<\/p>\n<p>[\/et_pb_text][\/et_pb_column][\/et_pb_row][et_pb_row column_structure=&#8221;1_2,1_2&#8243; _builder_version=&#8221;4.27.5&#8243; _module_preset=&#8221;default&#8221; custom_margin=&#8221;|auto|14px|auto||&#8221; custom_padding=&#8221;8px||1px|||&#8221; global_colors_info=&#8221;{}&#8221;][et_pb_column type=&#8221;1_2&#8243; _builder_version=&#8221;4.27.5&#8243; _module_preset=&#8221;default&#8221; global_colors_info=&#8221;{}&#8221;][et_pb_text _builder_version=&#8221;4.27.5&#8243; _module_preset=&#8221;default&#8221; global_colors_info=&#8221;{}&#8221;]<\/p>\n<h3 data-path-to-node=\"8\">01. Strategia (L&#8217;Ascolto)<\/h3>\n<blockquote data-path-to-node=\"9\">\n<p data-path-to-node=\"9,0\">Prima di muovere un solo pixel o scrivere una riga di codice, dobbiamo capire dove stiamo andando. Analizziamo il tuo mercato, studiamo i tuoi competitor e definiamo obiettivi misurabili. Non lavoriamo per &#8216;fare&#8217;, lavoriamo per ottenere.<\/p>\n<\/blockquote>\n<p>[\/et_pb_text][\/et_pb_column][et_pb_column type=&#8221;1_2&#8243; _builder_version=&#8221;4.27.5&#8243; _module_preset=&#8221;default&#8221; global_colors_info=&#8221;{}&#8221;][et_pb_text _builder_version=&#8221;4.27.5&#8243; _module_preset=&#8221;default&#8221; global_colors_info=&#8221;{}&#8221;]<\/p>\n<h3 data-path-to-node=\"10\">02. Pianificazione (L&#8217;Architettura)<\/h3>\n<blockquote data-path-to-node=\"11\">\n<p data-path-to-node=\"11,0\">Costruiamo le fondamenta. Definiamo la roadmap tecnica, le scadenze e le tecnologie pi\u00f9 adatte. In questa fase traduciamo le tue esigenze in una struttura logica solida e scalabile, eliminando ogni possibile collo di bottiglia futuro.<\/p>\n<\/blockquote>\n<p>[\/et_pb_text][\/et_pb_column][\/et_pb_row][et_pb_row column_structure=&#8221;1_2,1_2&#8243; _builder_version=&#8221;4.27.5&#8243; _module_preset=&#8221;default&#8221; custom_margin=&#8221;|auto|13px|auto||&#8221; custom_padding=&#8221;8px||1px|||&#8221; global_colors_info=&#8221;{}&#8221;][et_pb_column type=&#8221;1_2&#8243; _builder_version=&#8221;4.27.5&#8243; _module_preset=&#8221;default&#8221; global_colors_info=&#8221;{}&#8221;][et_pb_text _builder_version=&#8221;4.27.5&#8243; _module_preset=&#8221;default&#8221; global_colors_info=&#8221;{}&#8221;]<\/p>\n<h3 data-path-to-node=\"12\">03. Design (L&#8217;Esperienza)<\/h3>\n<blockquote data-path-to-node=\"13\">\n<p data-path-to-node=\"13,0\">Il design \u00e8 come una conversazione: deve essere chiara e piacevole. Progettiamo l&#8217;esperienza utente (UX) e l&#8217;interfaccia (UI) puntando tutto sulla semplicit\u00e0. Cerchiamo di offrire prodotti non solo belli da vedere ma che funzionano.\u00a0<\/p>\n<\/blockquote>\n<blockquote data-path-to-node=\"9\"><\/blockquote>\n<p>[\/et_pb_text][\/et_pb_column][et_pb_column type=&#8221;1_2&#8243; _builder_version=&#8221;4.27.5&#8243; _module_preset=&#8221;default&#8221; global_colors_info=&#8221;{}&#8221;][et_pb_text _builder_version=&#8221;4.27.5&#8243; _module_preset=&#8221;default&#8221; global_colors_info=&#8221;{}&#8221;]<\/p>\n<h3 data-path-to-node=\"3\">04. Realizzazione (Dalla visione alla sostanza)<\/h3>\n<blockquote data-path-to-node=\"4\">\n<p data-path-to-node=\"4,0\">Trasformiamo i concetti approvati in prodotti finiti, pronti per essere utilizzati nel mondo reale. Che si tratti di produrre materiali per l&#8217;identit\u00e0 di marca o di costruire infrastrutture digitali, ogni singolo elemento \u00e8 realizzato con la massima cura possibile.\u00a0<\/p>\n<\/blockquote>\n<blockquote data-path-to-node=\"15\"><\/blockquote>\n<blockquote data-path-to-node=\"11\"><\/blockquote>\n<p>[\/et_pb_text][\/et_pb_column][\/et_pb_row][et_pb_row column_structure=&#8221;1_2,1_2&#8243; _builder_version=&#8221;4.27.5&#8243; _module_preset=&#8221;default&#8221; custom_margin=&#8221;|auto|13px|auto||&#8221; custom_padding=&#8221;8px||1px|||&#8221; global_colors_info=&#8221;{}&#8221;][et_pb_column type=&#8221;1_2&#8243; _builder_version=&#8221;4.27.5&#8243; _module_preset=&#8221;default&#8221; global_colors_info=&#8221;{}&#8221;][et_pb_text _builder_version=&#8221;4.27.5&#8243; _module_preset=&#8221;default&#8221; global_colors_info=&#8221;{}&#8221;]<\/p>\n<h3 data-path-to-node=\"3\">05. Verifica (Il controllo qualit\u00e0)<\/h3>\n<blockquote data-path-to-node=\"4\">\n<p data-path-to-node=\"4,0\">Prima di ogni consegna, sottoponiamo il lavoro a una fase di revisione e collaudo. Verifichiamo che ogni dettaglio risponda agli standard definiti nel briefing iniziale e che la soluzione sia perfettamente funzionante in ogni suo aspetto.\u00a0<\/p>\n<\/blockquote>\n<blockquote data-path-to-node=\"13\"><\/blockquote>\n<blockquote data-path-to-node=\"9\"><\/blockquote>\n<p>[\/et_pb_text][\/et_pb_column][et_pb_column type=&#8221;1_2&#8243; _builder_version=&#8221;4.27.5&#8243; _module_preset=&#8221;default&#8221; global_colors_info=&#8221;{}&#8221;][et_pb_text _builder_version=&#8221;4.27.5&#8243; _module_preset=&#8221;default&#8221; global_colors_info=&#8221;{}&#8221;]<\/p>\n<h3 data-path-to-node=\"5\">06. Consegna e Operativit\u00e0 (Il valore nel tempo)<\/h3>\n<blockquote data-path-to-node=\"6\">\n<p data-path-to-node=\"6,0\">Il completamento di un progetto rappresenta solo il punto di partenza della sua vita operativa. Gestiamo il rilascio finale assicurandoci che tu abbia tutto il necessario per utilizzare gli strumenti creati fin dal primo momento.\u00a0<\/p>\n<\/blockquote>\n<blockquote data-path-to-node=\"4\"><\/blockquote>\n<blockquote data-path-to-node=\"15\"><\/blockquote>\n<blockquote data-path-to-node=\"11\"><\/blockquote>\n<p>[\/et_pb_text][\/et_pb_column][\/et_pb_row][\/et_pb_section]<\/p>\n","protected":false},"excerpt":{"rendered":"<p>COME LAVORIAMOMetodoIl Valore Aggiunto: Trasparenza Totale Il Briefing come punto di partenza Ascoltare bene per progettare meglio. Nessun progetto di successo nasce dal caso. Ogni nostra collaborazione inizia con un briefing approfondito, un momento di confronto diretto dove analizziamo le tue necessit\u00e0, i tuoi obiettivi e le tue sfide quotidiane. Questo scambio \u00e8 fondamentale perch\u00e8 [&hellip;]<\/p>\n","protected":false},"author":1,"featured_media":0,"parent":0,"menu_order":0,"comment_status":"closed","ping_status":"closed","template":"","meta":{"_et_pb_use_builder":"on","_et_pb_old_content":"","_et_gb_content_width":"","footnotes":""},"class_list":["post-100017","page","type-page","status-publish","hentry"],"aioseo_notices":[],"_links":{"self":[{"href":"https:\/\/www.natyva.it\/web\/wp-json\/wp\/v2\/pages\/100017","targetHints":{"allow":["GET"]}}],"collection":[{"href":"https:\/\/www.natyva.it\/web\/wp-json\/wp\/v2\/pages"}],"about":[{"href":"https:\/\/www.natyva.it\/web\/wp-json\/wp\/v2\/types\/page"}],"author":[{"embeddable":true,"href":"https:\/\/www.natyva.it\/web\/wp-json\/wp\/v2\/users\/1"}],"replies":[{"embeddable":true,"href":"https:\/\/www.natyva.it\/web\/wp-json\/wp\/v2\/comments?post=100017"}],"version-history":[{"count":5,"href":"https:\/\/www.natyva.it\/web\/wp-json\/wp\/v2\/pages\/100017\/revisions"}],"predecessor-version":[{"id":100265,"href":"https:\/\/www.natyva.it\/web\/wp-json\/wp\/v2\/pages\/100017\/revisions\/100265"}],"wp:attachment":[{"href":"https:\/\/www.natyva.it\/web\/wp-json\/wp\/v2\/media?parent=100017"}],"curies":[{"name":"wp","href":"https:\/\/api.w.org\/{rel}","templated":true}]}}