{"id":96465,"date":"2021-11-08T10:16:00","date_gmt":"2021-11-08T10:16:00","guid":{"rendered":"http:\/\/twopixels-test-server.nl\/mintpremium\/?page_id=12"},"modified":"2026-01-20T17:32:26","modified_gmt":"2026-01-20T16:32:26","slug":"services","status":"publish","type":"page","link":"https:\/\/www.natyva.it\/web\/services\/","title":{"rendered":"Servizi"},"content":{"rendered":"<p>[et_pb_section fb_built=&#8221;1&#8243; _builder_version=&#8221;4.27.5&#8243; _module_preset=&#8221;default&#8221; background_color=&#8221;#000000&#8243; background_image=&#8221;https:\/\/www.natyva.it\/web\/wp-content\/uploads\/2026\/01\/Servizi.jpg&#8221; background_blend=&#8221;luminosity&#8221; top_divider_color=&#8221;#FFFFFF&#8221; top_divider_height=&#8221;50px&#8221; box_shadow_style=&#8221;preset6&#8243; box_shadow_blur=&#8221;25px&#8221; box_shadow_color=&#8221;rgba(0,0,0,0.2)&#8221; global_colors_info=&#8221;{}&#8221;][et_pb_row _builder_version=&#8221;4.16&#8243; _module_preset=&#8221;default&#8221; global_colors_info=&#8221;{}&#8221;][et_pb_column type=&#8221;4_4&#8243; _builder_version=&#8221;4.16&#8243; _module_preset=&#8221;default&#8221; global_colors_info=&#8221;{}&#8221;][et_pb_text _builder_version=&#8221;4.27.5&#8243; _module_preset=&#8221;default&#8221; text_font=&#8221;|800||on|||||&#8221; text_text_color=&#8221;rgba(255,255,255,0.66)&#8221; text_font_size=&#8221;16px&#8221; text_orientation=&#8221;center&#8221; custom_margin=&#8221;||-4px||false|false&#8221; global_colors_info=&#8221;{}&#8221;]<\/p>\n<p>I NOSTRI<\/p>\n<p>[\/et_pb_text][et_pb_text _builder_version=&#8221;4.16&#8243; _module_preset=&#8221;default&#8221; header_text_align=&#8221;center&#8221; header_text_color=&#8221;#FFFFFF&#8221; header_font_size=&#8221;62px&#8221; header_2_text_align=&#8221;center&#8221; header_2_text_color=&#8221;#FFFFFF&#8221; header_2_font_size=&#8221;40px&#8221; global_colors_info=&#8221;{}&#8221;]<\/p>\n<h1>SERVIZI<\/h1>\n<p>[\/et_pb_text][\/et_pb_column][\/et_pb_row][\/et_pb_section][et_pb_section fb_built=&#8221;1&#8243; _builder_version=&#8221;4.16&#8243; _module_preset=&#8221;default&#8221; custom_padding=&#8221;16px||22px||false|false&#8221; global_colors_info=&#8221;{}&#8221;][et_pb_row _builder_version=&#8221;4.16&#8243; _module_preset=&#8221;default&#8221; global_colors_info=&#8221;{}&#8221;][et_pb_column type=&#8221;4_4&#8243; _builder_version=&#8221;4.16&#8243; _module_preset=&#8221;default&#8221; global_colors_info=&#8221;{}&#8221;][et_pb_text _builder_version=&#8221;4.27.5&#8243; _module_preset=&#8221;default&#8221; text_font=&#8221;|800||on|||||&#8221; text_text_color=&#8221;#0057ff&#8221; text_font_size=&#8221;16px&#8221; text_orientation=&#8221;center&#8221; custom_margin=&#8221;||5px||false|false&#8221; animation_style=&#8221;fade&#8221; global_colors_info=&#8221;{}&#8221;]<\/p>\n<h3 data-path-to-node=\"6\" style=\"text-align: center;\">Visione trasversale, risultati tangibili.<\/h3>\n<h3 data-path-to-node=\"6\" style=\"text-align: center;\">Ogni servizio \u00e8 progettato per lavorare in sinergia e garantire il massimo<\/h3>\n<p data-path-to-node=\"7\">[\/et_pb_text][et_pb_text _builder_version=&#8221;4.27.5&#8243; _module_preset=&#8221;default&#8221; header_2_text_align=&#8221;center&#8221; header_2_font_size=&#8221;40px&#8221; custom_margin=&#8221;||27px|||&#8221; custom_padding=&#8221;2px|||||&#8221; animation_style=&#8221;slide&#8221; global_colors_info=&#8221;{}&#8221;]<\/p>\n<h3 data-path-to-node=\"6\" style=\"text-align: center;\"><strong>Dal Pensiero all&#8217;Impatto. I Pilastri del Tuo Successo Scalabile.<\/strong><\/h3>\n<p data-path-to-node=\"7\">[\/et_pb_text][et_pb_text _builder_version=&#8221;4.27.5&#8243; _module_preset=&#8221;default&#8221; animation_style=&#8221;bounce&#8221; global_colors_info=&#8221;{}&#8221;]<\/p>\n<h1><span style=\"color: #e02b20;\"><strong>STRAGEGIA<\/strong><\/span><\/h1>\n<p>Supportiamo i nostri clienti nella definizione di un piano strategico volto a consolidare la loro competitivit\u00e0 sul mercato, ottimizzare l\u2019efficacia operativa, garantire la soddisfazione dei clienti e conseguire gli obiettivi aziendali.<\/p>\n<p>Integriamo creativit\u00e0, tecnica e intelligenza per costruire soluzioni che funzionano ovunque: su uno schermo, su carta o nei processi della tua azienda.<\/p>\n<p>[\/et_pb_text][\/et_pb_column][\/et_pb_row][et_pb_row column_structure=&#8221;1_2,1_2&#8243; _builder_version=&#8221;4.27.5&#8243; _module_preset=&#8221;default&#8221; global_colors_info=&#8221;{}&#8221;][et_pb_column type=&#8221;1_2&#8243; _builder_version=&#8221;4.27.5&#8243; _module_preset=&#8221;default&#8221; custom_padding=&#8221;25px|25px|25px|25px|true|true&#8221; animation_style=&#8221;slide&#8221; animation_direction=&#8221;bottom&#8221; animation_duration=&#8221;750ms&#8221; animation_starting_opacity=&#8221;50%&#8221; border_radii=&#8221;on|12px|12px|12px|12px&#8221; border_width_all=&#8221;1px&#8221; border_color_all=&#8221;#cecece&#8221; box_shadow_style=&#8221;preset1&#8243; box_shadow_color=&#8221;#b2b2b2&#8243; global_colors_info=&#8221;{}&#8221; box_shadow_horizontal__hover_enabled=&#8221;on|hover&#8221; box_shadow_horizontal__hover=&#8221;0px&#8221; box_shadow_vertical__hover_enabled=&#8221;on|hover&#8221; box_shadow_vertical__hover=&#8221;0px&#8221;][et_pb_image src=&#8221;https:\/\/www.natyva.it\/web\/wp-content\/uploads\/2026\/01\/Branding.jpg&#8221; alt=&#8221;Branding&#8221; title_text=&#8221;Branding&#8221; _builder_version=&#8221;4.27.5&#8243; _module_preset=&#8221;default&#8221; animation_style=&#8221;fade&#8221; border_radii=&#8221;on|12px|12px|12px|12px&#8221; global_colors_info=&#8221;{}&#8221;][\/et_pb_image][et_pb_text _builder_version=&#8221;4.27.5&#8243; _module_preset=&#8221;default&#8221; custom_margin=&#8221;||5px||false|false&#8221; animation_style=&#8221;slide&#8221; global_colors_info=&#8221;{}&#8221;]<\/p>\n<h3><span style=\"color: #db0000;\">Branding<\/span><\/h3>\n<p>[\/et_pb_text][et_pb_text _builder_version=&#8221;4.27.5&#8243; _module_preset=&#8221;default&#8221; text_font_size=&#8221;14px&#8221; text_line_height=&#8221;1.8em&#8221; animation_style=&#8221;bounce&#8221; global_colors_info=&#8221;{}&#8221;]<\/p>\n<h3 data-path-to-node=\"8\">L&#8217;Anima Strategica<\/h3>\n<h3 data-path-to-node=\"8\"><span style=\"font-size: 14px; color: #424242; font-family: 'Open Sans', Helvetica, Arial, Lucida, sans-serif; font-weight: 500;\">L&#8217;identit\u00e0 non \u00e8 solo un logo. \u00c8 il modo in cui il mondo percepisce la tua promessa. Costruiamo brand coerenti che sanno parlare con la stessa autorevolezza online e offline. Dalla strategia di posizionamento al tone of voice.<\/span><\/h3>\n<p>[\/et_pb_text][\/et_pb_column][et_pb_column type=&#8221;1_2&#8243; _builder_version=&#8221;4.27.5&#8243; _module_preset=&#8221;default&#8221; custom_padding=&#8221;25px|25px|25px|25px|true|true&#8221; animation_style=&#8221;slide&#8221; animation_direction=&#8221;bottom&#8221; animation_duration=&#8221;750ms&#8221; animation_delay=&#8221;100ms&#8221; animation_starting_opacity=&#8221;50%&#8221; border_radii=&#8221;on|12px|12px|12px|12px&#8221; border_width_all=&#8221;1px&#8221; border_color_all=&#8221;#cecece&#8221; box_shadow_style=&#8221;preset1&#8243; box_shadow_color=&#8221;#b2b2b2&#8243; box_shadow_vertical_tablet=&#8221;12px&#8221; box_shadow_vertical_phone=&#8221;12px&#8221; box_shadow_vertical_last_edited=&#8221;on|desktop&#8221; global_colors_info=&#8221;{}&#8221; box_shadow_horizontal__hover_enabled=&#8221;on|hover&#8221; box_shadow_horizontal__hover=&#8221;0px&#8221; box_shadow_vertical__hover_enabled=&#8221;on|hover&#8221; box_shadow_vertical__hover=&#8221;0px&#8221;][et_pb_image src=&#8221;https:\/\/www.natyva.it\/web\/wp-content\/uploads\/2026\/01\/Design.jpg&#8221; alt=&#8221;Design&#8221; title_text=&#8221;Design&#8221; _builder_version=&#8221;4.27.5&#8243; _module_preset=&#8221;default&#8221; animation_style=&#8221;fade&#8221; border_radii=&#8221;on|12px|12px|12px|12px&#8221; global_colors_info=&#8221;{}&#8221;][\/et_pb_image][et_pb_text _builder_version=&#8221;4.27.5&#8243; _module_preset=&#8221;default&#8221; custom_margin=&#8221;||5px||false|false&#8221; animation_style=&#8221;slide&#8221; global_colors_info=&#8221;{}&#8221;]<\/p>\n<h3><span style=\"color: #db0000;\">Design<\/span><\/h3>\n<p>[\/et_pb_text][et_pb_text _builder_version=&#8221;4.27.5&#8243; _module_preset=&#8221;default&#8221; text_font_size=&#8221;14px&#8221; text_line_height=&#8221;1.8em&#8221; animation_style=&#8221;bounce&#8221; global_colors_info=&#8221;{}&#8221;]<\/p>\n<h3 data-path-to-node=\"8\">La funzione della forma<\/h3>\n<p data-path-to-node=\"8\">Progettiamo esperienze, non semplici grafiche. Il nostro design guida l&#8217;utente, semplifica le azioni e riduce l&#8217;attrito. Che si tratti di un&#8217;interfaccia digitale complessa o di un supporto fisico, ogni scelta estetica \u00e8 dettata da una logica di usabilit\u00e0 e performance.<\/p>\n<p>[\/et_pb_text][\/et_pb_column][\/et_pb_row][et_pb_row column_structure=&#8221;1_2,1_2&#8243; _builder_version=&#8221;4.27.5&#8243; _module_preset=&#8221;default&#8221; global_colors_info=&#8221;{}&#8221;][et_pb_column type=&#8221;1_2&#8243; _builder_version=&#8221;4.27.5&#8243; _module_preset=&#8221;default&#8221; custom_padding=&#8221;25px|25px|25px|25px|true|true&#8221; animation_style=&#8221;slide&#8221; animation_direction=&#8221;bottom&#8221; animation_duration=&#8221;750ms&#8221; animation_starting_opacity=&#8221;50%&#8221; border_radii=&#8221;on|12px|12px|12px|12px&#8221; border_width_all=&#8221;1px&#8221; border_color_all=&#8221;#cecece&#8221; box_shadow_style=&#8221;preset1&#8243; box_shadow_color=&#8221;#b2b2b2&#8243; global_colors_info=&#8221;{}&#8221; box_shadow_horizontal__hover_enabled=&#8221;on|hover&#8221; box_shadow_horizontal__hover=&#8221;0px&#8221; box_shadow_vertical__hover_enabled=&#8221;on|hover&#8221; box_shadow_vertical__hover=&#8221;0px&#8221;][et_pb_image src=&#8221;https:\/\/www.natyva.it\/web\/wp-content\/uploads\/2026\/01\/Digital.jpg&#8221; alt=&#8221;Digital&#8221; title_text=&#8221;Digital&#8221; _builder_version=&#8221;4.27.5&#8243; _module_preset=&#8221;default&#8221; animation_style=&#8221;fade&#8221; border_radii=&#8221;on|12px|12px|12px|12px&#8221; global_colors_info=&#8221;{}&#8221;][\/et_pb_image][et_pb_text _builder_version=&#8221;4.27.5&#8243; _module_preset=&#8221;default&#8221; custom_margin=&#8221;||5px||false|false&#8221; animation_style=&#8221;slide&#8221; global_colors_info=&#8221;{}&#8221;]<\/p>\n<h3><span style=\"color: #db0000;\">Digital<\/span><\/h3>\n<p>[\/et_pb_text][et_pb_text _builder_version=&#8221;4.27.5&#8243; _module_preset=&#8221;default&#8221; text_font_size=&#8221;14px&#8221; text_line_height=&#8221;1.8em&#8221; animation_style=&#8221;bounce&#8221; global_colors_info=&#8221;{}&#8221;]<\/p>\n<h3 data-path-to-node=\"8\">L&#8217;Infrastruttura di Crescita<\/h3>\n<p data-path-to-node=\"8\">Realizziamo ecosistemi digitali solidi, veloci e sicuri. Non ci limitiamo alla presenza web ma sviluppiamo strumenti che ottimizzano il tuo lavoro. Il nostro approccio \u00e8 concreto e tecnologia al servizio del business, mai il contrario.<\/p>\n<p>[\/et_pb_text][\/et_pb_column][et_pb_column type=&#8221;1_2&#8243; _builder_version=&#8221;4.27.5&#8243; _module_preset=&#8221;default&#8221; custom_padding=&#8221;25px|25px|25px|25px|true|true&#8221; animation_style=&#8221;slide&#8221; animation_direction=&#8221;bottom&#8221; animation_duration=&#8221;750ms&#8221; animation_delay=&#8221;100ms&#8221; animation_starting_opacity=&#8221;50%&#8221; border_radii=&#8221;on|12px|12px|12px|12px&#8221; border_width_all=&#8221;1px&#8221; border_color_all=&#8221;#cecece&#8221; box_shadow_style=&#8221;preset1&#8243; box_shadow_color=&#8221;#b2b2b2&#8243; box_shadow_vertical_tablet=&#8221;12px&#8221; box_shadow_vertical_phone=&#8221;12px&#8221; box_shadow_vertical_last_edited=&#8221;on|desktop&#8221; global_colors_info=&#8221;{}&#8221; box_shadow_horizontal__hover_enabled=&#8221;on|hover&#8221; box_shadow_horizontal__hover=&#8221;0px&#8221; box_shadow_vertical__hover_enabled=&#8221;on|hover&#8221; box_shadow_vertical__hover=&#8221;0px&#8221;][et_pb_image src=&#8221;https:\/\/www.natyva.it\/web\/wp-content\/uploads\/2026\/01\/AI.jpg&#8221; alt=&#8221;Intelligenza Artificiale&#8221; title_text=&#8221;AI&#8221; _builder_version=&#8221;4.27.5&#8243; _module_preset=&#8221;default&#8221; animation_style=&#8221;fade&#8221; border_radii=&#8221;on|12px|12px|12px|12px&#8221; global_colors_info=&#8221;{}&#8221;][\/et_pb_image][et_pb_text _builder_version=&#8221;4.27.5&#8243; _module_preset=&#8221;default&#8221; custom_margin=&#8221;||5px||false|false&#8221; animation_style=&#8221;slide&#8221; global_colors_info=&#8221;{}&#8221;]<\/p>\n<h3><span style=\"color: #db0000;\">AI<\/span><\/h3>\n<p>[\/et_pb_text][et_pb_text _builder_version=&#8221;4.27.5&#8243; _module_preset=&#8221;default&#8221; text_font_size=&#8221;14px&#8221; text_line_height=&#8221;1.8em&#8221; animation_style=&#8221;bounce&#8221; global_colors_info=&#8221;{}&#8221;]<\/p>\n<h3 data-path-to-node=\"8\">Tecnologia avanzata, controllo umano<\/h3>\n<p data-path-to-node=\"8\">Utilizziamo l&#8217;Intelligenza Artificiale come un bisturi: con estrema precisione e solo dove serve. L&#8217;abbiamo integrata nei nostri processi di analisi, nel design e nello sviluppo per eliminare l&#8217;errore umano e la noia della ripetitivit\u00e0.<\/p>\n<p>[\/et_pb_text][\/et_pb_column][\/et_pb_row][\/et_pb_section]<\/p>\n","protected":false},"excerpt":{"rendered":"<p>I NOSTRISERVIZIVisione trasversale, risultati tangibili. Ogni servizio \u00e8 progettato per lavorare in sinergia e garantire il massimo Dal Pensiero all&#8217;Impatto. I Pilastri del Tuo Successo Scalabile. STRAGEGIA Supportiamo i nostri clienti nella definizione di un piano strategico volto a consolidare la loro competitivit\u00e0 sul mercato, ottimizzare l\u2019efficacia operativa, garantire la soddisfazione dei clienti e conseguire [&hellip;]<\/p>\n","protected":false},"author":1,"featured_media":0,"parent":0,"menu_order":0,"comment_status":"closed","ping_status":"closed","template":"","meta":{"_et_pb_use_builder":"on","_et_pb_old_content":"<!-- wp:divi\/placeholder \/-->","_et_gb_content_width":"","footnotes":""},"class_list":["post-96465","page","type-page","status-publish","hentry"],"aioseo_notices":[],"_links":{"self":[{"href":"https:\/\/www.natyva.it\/web\/wp-json\/wp\/v2\/pages\/96465","targetHints":{"allow":["GET"]}}],"collection":[{"href":"https:\/\/www.natyva.it\/web\/wp-json\/wp\/v2\/pages"}],"about":[{"href":"https:\/\/www.natyva.it\/web\/wp-json\/wp\/v2\/types\/page"}],"author":[{"embeddable":true,"href":"https:\/\/www.natyva.it\/web\/wp-json\/wp\/v2\/users\/1"}],"replies":[{"embeddable":true,"href":"https:\/\/www.natyva.it\/web\/wp-json\/wp\/v2\/comments?post=96465"}],"version-history":[{"count":10,"href":"https:\/\/www.natyva.it\/web\/wp-json\/wp\/v2\/pages\/96465\/revisions"}],"predecessor-version":[{"id":100153,"href":"https:\/\/www.natyva.it\/web\/wp-json\/wp\/v2\/pages\/96465\/revisions\/100153"}],"wp:attachment":[{"href":"https:\/\/www.natyva.it\/web\/wp-json\/wp\/v2\/media?parent=96465"}],"curies":[{"name":"wp","href":"https:\/\/api.w.org\/{rel}","templated":true}]}}